{"id":23947323,"date":"2023-08-08T02:13:50","date_gmt":"2023-08-08T00:13:50","guid":{"rendered":"https:\/\/test.fairresourcefoundation.org\/notre-mission\/"},"modified":"2025-05-14T12:23:12","modified_gmt":"2025-05-14T10:23:12","slug":"notre-mission","status":"publish","type":"page","link":"https:\/\/fairresourcefoundation.org\/fr\/notre-mission\/","title":{"rendered":"Onze missie"},"content":{"rendered":"<p>[et_pb_section fb_built=\u00a0\u00bb1&Prime; _builder_version=\u00a0\u00bb4.24.0&Prime; _module_preset=\u00a0\u00bbdefault\u00a0\u00bb background_color=\u00a0\u00bb#FFFFFF\u00a0\u00bb custom_margin=\u00a0\u00bb3%||3%||false|false\u00a0\u00bb custom_padding=\u00a0\u00bb||||true|false\u00a0\u00bb border_width_top=\u00a0\u00bb0px\u00a0\u00bb border_color_top=\u00a0\u00bb#1c2953&Prime; border_width_top_tablet=\u00a0\u00bb3px\u00a0\u00bb border_width_top_phone=\u00a0\u00bb1px\u00a0\u00bb border_width_top_last_edited=\u00a0\u00bbon|phone\u00a0\u00bb locked=\u00a0\u00bboff\u00a0\u00bb global_colors_info=\u00a0\u00bb{}\u00a0\u00bb][et_pb_row custom_padding_last_edited=\u00a0\u00bbon|tablet\u00a0\u00bb _builder_version=\u00a0\u00bb4.24.0&Prime; _module_preset=\u00a0\u00bbdefault\u00a0\u00bb background_color=\u00a0\u00bbgcid-210f3946-7a1c-42e9-b2d5-55c39ccc5d9d\u00a0\u00bb max_width=\u00a0\u00bb80%\u00a0\u00bb custom_padding_tablet=\u00a0\u00bb6%||||false|false\u00a0\u00bb custom_padding_phone=\u00a0\u00bb10%||||false|false\u00a0\u00bb border_radii=\u00a0\u00bbon|30px|30px|30px|30px\u00a0\u00bb border_width_all=\u00a0\u00bb3px\u00a0\u00bb border_color_all=\u00a0\u00bbgcid-77784515-52da-45c3-b038-e5c2d51b4bf9&Prime; box_shadow_style=\u00a0\u00bbpreset4&Prime; box_shadow_horizontal=\u00a0\u00bb15px\u00a0\u00bb box_shadow_vertical=\u00a0\u00bb15px\u00a0\u00bb box_shadow_color=\u00a0\u00bbgcid-77784515-52da-45c3-b038-e5c2d51b4bf9&Prime; global_colors_info=\u00a0\u00bb{%22gcid-210f3946-7a1c-42e9-b2d5-55c39ccc5d9d%22:%91%22background_color%22%93,%22gcid-77784515-52da-45c3-b038-e5c2d51b4bf9%22:%91%22box_shadow_color%22,%22border_color_all%22%93}\u00a0\u00bb][et_pb_column type=\u00a0\u00bb4_4&Prime; _builder_version=\u00a0\u00bb4.21.2&Prime; _module_preset=\u00a0\u00bbdefault\u00a0\u00bb z_index=\u00a0\u00bb99&Prime; global_colors_info=\u00a0\u00bb{}\u00a0\u00bb][et_pb_text _builder_version=\u00a0\u00bb4.27.0&Prime; _module_preset=\u00a0\u00bbdefault\u00a0\u00bb header_font=\u00a0\u00bbSoulcraft Wide|800||on|||||\u00a0\u00bb header_text_align=\u00a0\u00bbcenter\u00a0\u00bb header_text_color=\u00a0\u00bbgcid-77784515-52da-45c3-b038-e5c2d51b4bf9&Prime; header_font_size=\u00a0\u00bb3vw\u00a0\u00bb header_letter_spacing=\u00a0\u00bb-1px\u00a0\u00bb header_2_text_align=\u00a0\u00bbleft\u00a0\u00bb header_2_font_size=\u00a0\u00bb3.5vw\u00a0\u00bb header_2_line_height=\u00a0\u00bb1.3em\u00a0\u00bb custom_margin=\u00a0\u00bb||0px||false|false\u00a0\u00bb custom_margin_tablet=\u00a0\u00bb|0px|||false|false\u00a0\u00bb custom_margin_phone=\u00a0\u00bb|0px|||false|false\u00a0\u00bb custom_margin_last_edited=\u00a0\u00bbon|tablet\u00a0\u00bb custom_padding=\u00a0\u00bb2%|10%|2%|10%|true|true\u00a0\u00bb header_font_size_tablet=\u00a0\u00bb5vw\u00a0\u00bb header_font_size_phone=\u00a0\u00bb5vw\u00a0\u00bb header_font_size_last_edited=\u00a0\u00bbon|phone\u00a0\u00bb global_colors_info=\u00a0\u00bb{%22gcid-77784515-52da-45c3-b038-e5c2d51b4bf9%22:%91%22header_2_text_color%22,%22text_text_color%22,%22header_2_text_color%22,%22text_text_color%22,%22header_text_color%22,%22header_2_text_color%22,%22header_text_color%22%93}\u00a0\u00bb]<\/p>\n<h1>Nous travaillons vers un monde o\u00f9 nous utilisons moins de ressources<\/h1>\n<p>[\/et_pb_text][\/et_pb_column][\/et_pb_row][\/et_pb_section][et_pb_section fb_built=\u00a0\u00bb1&Prime; make_equal=\u00a0\u00bbon\u00a0\u00bb use_custom_gutter=\u00a0\u00bbon\u00a0\u00bb specialty=\u00a0\u00bbon\u00a0\u00bb _builder_version=\u00a0\u00bb4.23.1&Prime; _module_preset=\u00a0\u00bbdefault\u00a0\u00bb background_color=\u00a0\u00bbgcid-2b01b125-6b38-4b9f-9cc1-28a45bc9d8b3&Prime; width=\u00a0\u00bb100%\u00a0\u00bb max_width=\u00a0\u00bb1920px\u00a0\u00bb inner_width=\u00a0\u00bb80%\u00a0\u00bb inner_max_width=\u00a0\u00bb1920px\u00a0\u00bb global_colors_info=\u00a0\u00bb{%22gcid-2b01b125-6b38-4b9f-9cc1-28a45bc9d8b3%22:%91%22background_color%22%93}\u00a0\u00bb][et_pb_column type=\u00a0\u00bb1_2&Prime; _builder_version=\u00a0\u00bb4.16&Prime; custom_padding=\u00a0\u00bb|||\u00a0\u00bb global_colors_info=\u00a0\u00bb{}\u00a0\u00bb custom_padding__hover=\u00a0\u00bb|||\u00a0\u00bb][et_pb_text _builder_version=\u00a0\u00bb4.27.4&Prime; _module_preset=\u00a0\u00bbdefault\u00a0\u00bb text_font=\u00a0\u00bb|300|||||||\u00a0\u00bb header_3_font=\u00a0\u00bb|800||on|||||\u00a0\u00bb header_3_font_size=\u00a0\u00bb30px\u00a0\u00bb custom_margin=\u00a0\u00bb||0px||false|false\u00a0\u00bb custom_padding=\u00a0\u00bb||0px|||\u00a0\u00bb hover_enabled=\u00a0\u00bb0&Prime; locked=\u00a0\u00bboff\u00a0\u00bb global_colors_info=\u00a0\u00bb{}\u00a0\u00bb sticky_enabled=\u00a0\u00bb0&Prime;]<\/p>\n<p>Fair Resource Foundation aspire \u00e0 un monde dans lequel l\u2019\u00e9puisement, l\u2019exploitation et la consommation polluante des ressources appartiennent au pass\u00e9. Notre objectif est une soci\u00e9t\u00e9 qui fonctionne dans les limites de ce que notre plan\u00e8te peut supporter, tout en promouvant le bien-\u00eatre de tous.<\/p>\n<p>Nous nous engageons en faveur d\u2019une politique environnementale forte et \u00e9quitable qui fait de la production et de la consommation durables la norme et qui \u00e9limine efficacement la pollution. Par politique environnementale \u00e9quitable, nous entendons une politique \u00e9labor\u00e9e de mani\u00e8re transparente et d\u00e9mocratique, dans laquelle les int\u00e9r\u00eats de la soci\u00e9t\u00e9 dans son ensemble, y compris les g\u00e9n\u00e9rations futures, sont centraux. Nous voulons des politiques justes et inclusives, qui ne soient pas domin\u00e9es par l\u2019influence de quelques groupes d\u2019int\u00e9r\u00eat puissants. Notre objectif ultime est un monde juste et durable dans lequel les personnes et l\u2019environnement peuvent vivre ensemble en \u00e9quilibre.<\/p>\n<p>Pour en savoir plus sur notre vision et nos objectifs, consultez notre <a href=\"https:\/\/fairresourcefoundation.org\/wp-content\/uploads\/2025\/05\/Beleidsplan-Digitaal_FR.pdf\" target=\"_blank\" rel=\"noopener\">plan d&rsquo;action 2024-2027.<\/a><\/p>\n<p>[\/et_pb_text][\/et_pb_column][et_pb_column type=\u00a0\u00bb1_2&Prime; specialty_columns=\u00a0\u00bb2&Prime; _builder_version=\u00a0\u00bb4.16&Prime; custom_padding=\u00a0\u00bb|||\u00a0\u00bb global_colors_info=\u00a0\u00bb{}\u00a0\u00bb custom_padding__hover=\u00a0\u00bb|||\u00a0\u00bb][et_pb_row_inner _builder_version=\u00a0\u00bb4.23.1&Prime; _module_preset=\u00a0\u00bbdefault\u00a0\u00bb custom_padding=\u00a0\u00bb||0px||false|false\u00a0\u00bb global_colors_info=\u00a0\u00bb{}\u00a0\u00bb][et_pb_column_inner saved_specialty_column_type=\u00a0\u00bb1_2&Prime; _builder_version=\u00a0\u00bb4.23.1&Prime; _module_preset=\u00a0\u00bbdefault\u00a0\u00bb global_colors_info=\u00a0\u00bb{}\u00a0\u00bb][et_pb_image src=\u00a0\u00bbhttps:\/\/fairresourcefoundation.org\/wp-content\/uploads\/2024\/03\/demonstreren-3-scaled.jpg\u00a0\u00bb title_text=\u00a0\u00bbLondres,,Royaume-Uni,-,24,novembre,2018 :,Extinction,R\u00e9bellion,Protestants\u00a0\u00bb _builder_version=\u00a0\u00bb4.24.2&Prime; _module_preset=\u00a0\u00bbdefault\u00a0\u00bb border_radii=\u00a0\u00bbon|30px|30px|30px|30px\u00a0\u00bb global_colors_info=\u00a0\u00bb{}\u00a0\u00bb][\/et_pb_image][\/et_pb_column_inner][\/et_pb_row_inner][\/et_pb_column][\/et_pb_section]<\/p>\n","protected":false},"excerpt":{"rendered":"<p>Nous travaillons vers un monde o\u00f9 nous utilisons moins de ressources <\/p>\n","protected":false},"author":2,"featured_media":0,"parent":0,"menu_order":0,"comment_status":"closed","ping_status":"closed","template":"","meta":{"_acf_changed":false,"_et_pb_use_builder":"on","_et_pb_old_content":"","_et_gb_content_width":"","inline_featured_image":false,"_monsterinsights_skip_tracking":false,"_monsterinsights_sitenote_active":false,"_monsterinsights_sitenote_note":"","_monsterinsights_sitenote_category":0,"footnotes":"","_links_to":"","_links_to_target":""},"dipi_cpt_category":[],"difl_page_category":[],"class_list":["post-23947323","page","type-page","status-publish","hentry"],"acf":[],"yoast_head":"<!-- This site is optimized with the Yoast SEO plugin v27.4 - https:\/\/yoast.com\/product\/yoast-seo-wordpress\/ -->\n<title>Onze missie | Fair Resource Foundation<\/title>\n<meta name=\"robots\" content=\"index, follow, max-snippet:-1, max-image-preview:large, max-video-preview:-1\" \/>\n<link rel=\"canonical\" href=\"https:\/\/fairresourcefoundation.org\/fr\/notre-mission\/\" \/>\n<meta property=\"og:locale\" content=\"fr_FR\" \/>\n<meta property=\"og:type\" content=\"article\" \/>\n<meta property=\"og:title\" content=\"Onze missie | Fair Resource Foundation\" \/>\n<meta property=\"og:description\" content=\"Nous travaillons vers un monde o\u00f9 nous utilisons moins de ressources\" \/>\n<meta property=\"og:url\" content=\"https:\/\/fairresourcefoundation.org\/fr\/notre-mission\/\" \/>\n<meta property=\"og:site_name\" content=\"Fair Resource Foundation\" \/>\n<meta property=\"article:modified_time\" content=\"2025-05-14T10:23:12+00:00\" \/>\n<meta name=\"twitter:card\" content=\"summary_large_image\" \/>\n<meta name=\"twitter:label1\" content=\"Dur\u00e9e de lecture estim\u00e9e\" \/>\n\t<meta name=\"twitter:data1\" content=\"2 minutes\" \/>\n<script type=\"application\/ld+json\" class=\"yoast-schema-graph\">{\"@context\":\"https:\\\/\\\/schema.org\",\"@graph\":[{\"@type\":\"WebPage\",\"@id\":\"https:\\\/\\\/fairresourcefoundation.org\\\/fr\\\/notre-mission\\\/\",\"url\":\"https:\\\/\\\/fairresourcefoundation.org\\\/fr\\\/notre-mission\\\/\",\"name\":\"Onze missie | Fair Resource Foundation\",\"isPartOf\":{\"@id\":\"https:\\\/\\\/fairresourcefoundation.org\\\/fr\\\/#website\"},\"datePublished\":\"2023-08-08T00:13:50+00:00\",\"dateModified\":\"2025-05-14T10:23:12+00:00\",\"breadcrumb\":{\"@id\":\"https:\\\/\\\/fairresourcefoundation.org\\\/fr\\\/notre-mission\\\/#breadcrumb\"},\"inLanguage\":\"fr-FR\",\"potentialAction\":[{\"@type\":\"ReadAction\",\"target\":[\"https:\\\/\\\/fairresourcefoundation.org\\\/fr\\\/notre-mission\\\/\"]}]},{\"@type\":\"BreadcrumbList\",\"@id\":\"https:\\\/\\\/fairresourcefoundation.org\\\/fr\\\/notre-mission\\\/#breadcrumb\",\"itemListElement\":[{\"@type\":\"ListItem\",\"position\":1,\"name\":\"Home\",\"item\":\"https:\\\/\\\/fairresourcefoundation.org\\\/fr\\\/\"},{\"@type\":\"ListItem\",\"position\":2,\"name\":\"Onze missie\"}]},{\"@type\":\"WebSite\",\"@id\":\"https:\\\/\\\/fairresourcefoundation.org\\\/fr\\\/#website\",\"url\":\"https:\\\/\\\/fairresourcefoundation.org\\\/fr\\\/\",\"name\":\"Fair Resource Foundation\",\"description\":\"Systems change for people and planet\",\"publisher\":{\"@id\":\"https:\\\/\\\/fairresourcefoundation.org\\\/fr\\\/#organization\"},\"potentialAction\":[{\"@type\":\"SearchAction\",\"target\":{\"@type\":\"EntryPoint\",\"urlTemplate\":\"https:\\\/\\\/fairresourcefoundation.org\\\/fr\\\/?s={search_term_string}\"},\"query-input\":{\"@type\":\"PropertyValueSpecification\",\"valueRequired\":true,\"valueName\":\"search_term_string\"}}],\"inLanguage\":\"fr-FR\"},{\"@type\":\"Organization\",\"@id\":\"https:\\\/\\\/fairresourcefoundation.org\\\/fr\\\/#organization\",\"name\":\"Fair Resource Foundation\",\"url\":\"https:\\\/\\\/fairresourcefoundation.org\\\/fr\\\/\",\"logo\":{\"@type\":\"ImageObject\",\"inLanguage\":\"fr-FR\",\"@id\":\"https:\\\/\\\/fairresourcefoundation.org\\\/fr\\\/#\\\/schema\\\/logo\\\/image\\\/\",\"url\":\"https:\\\/\\\/fairresourcefoundation.org\\\/wp-content\\\/uploads\\\/2023\\\/10\\\/Primair-Logo-Ruimte.svg\",\"contentUrl\":\"https:\\\/\\\/fairresourcefoundation.org\\\/wp-content\\\/uploads\\\/2023\\\/10\\\/Primair-Logo-Ruimte.svg\",\"width\":1280,\"height\":566,\"caption\":\"Fair Resource Foundation\"},\"image\":{\"@id\":\"https:\\\/\\\/fairresourcefoundation.org\\\/fr\\\/#\\\/schema\\\/logo\\\/image\\\/\"}}]}<\/script>\n<!-- \/ Yoast SEO plugin. -->","yoast_head_json":{"title":"Onze missie | Fair Resource Foundation","robots":{"index":"index","follow":"follow","max-snippet":"max-snippet:-1","max-image-preview":"max-image-preview:large","max-video-preview":"max-video-preview:-1"},"canonical":"https:\/\/fairresourcefoundation.org\/fr\/notre-mission\/","og_locale":"fr_FR","og_type":"article","og_title":"Onze missie | Fair Resource Foundation","og_description":"Nous travaillons vers un monde o\u00f9 nous utilisons moins de ressources","og_url":"https:\/\/fairresourcefoundation.org\/fr\/notre-mission\/","og_site_name":"Fair Resource Foundation","article_modified_time":"2025-05-14T10:23:12+00:00","twitter_card":"summary_large_image","twitter_misc":{"Dur\u00e9e de lecture estim\u00e9e":"2 minutes"},"schema":{"@context":"https:\/\/schema.org","@graph":[{"@type":"WebPage","@id":"https:\/\/fairresourcefoundation.org\/fr\/notre-mission\/","url":"https:\/\/fairresourcefoundation.org\/fr\/notre-mission\/","name":"Onze missie | Fair Resource Foundation","isPartOf":{"@id":"https:\/\/fairresourcefoundation.org\/fr\/#website"},"datePublished":"2023-08-08T00:13:50+00:00","dateModified":"2025-05-14T10:23:12+00:00","breadcrumb":{"@id":"https:\/\/fairresourcefoundation.org\/fr\/notre-mission\/#breadcrumb"},"inLanguage":"fr-FR","potentialAction":[{"@type":"ReadAction","target":["https:\/\/fairresourcefoundation.org\/fr\/notre-mission\/"]}]},{"@type":"BreadcrumbList","@id":"https:\/\/fairresourcefoundation.org\/fr\/notre-mission\/#breadcrumb","itemListElement":[{"@type":"ListItem","position":1,"name":"Home","item":"https:\/\/fairresourcefoundation.org\/fr\/"},{"@type":"ListItem","position":2,"name":"Onze missie"}]},{"@type":"WebSite","@id":"https:\/\/fairresourcefoundation.org\/fr\/#website","url":"https:\/\/fairresourcefoundation.org\/fr\/","name":"Fair Resource Foundation","description":"Systems change for people and planet","publisher":{"@id":"https:\/\/fairresourcefoundation.org\/fr\/#organization"},"potentialAction":[{"@type":"SearchAction","target":{"@type":"EntryPoint","urlTemplate":"https:\/\/fairresourcefoundation.org\/fr\/?s={search_term_string}"},"query-input":{"@type":"PropertyValueSpecification","valueRequired":true,"valueName":"search_term_string"}}],"inLanguage":"fr-FR"},{"@type":"Organization","@id":"https:\/\/fairresourcefoundation.org\/fr\/#organization","name":"Fair Resource Foundation","url":"https:\/\/fairresourcefoundation.org\/fr\/","logo":{"@type":"ImageObject","inLanguage":"fr-FR","@id":"https:\/\/fairresourcefoundation.org\/fr\/#\/schema\/logo\/image\/","url":"https:\/\/fairresourcefoundation.org\/wp-content\/uploads\/2023\/10\/Primair-Logo-Ruimte.svg","contentUrl":"https:\/\/fairresourcefoundation.org\/wp-content\/uploads\/2023\/10\/Primair-Logo-Ruimte.svg","width":1280,"height":566,"caption":"Fair Resource Foundation"},"image":{"@id":"https:\/\/fairresourcefoundation.org\/fr\/#\/schema\/logo\/image\/"}}]}},"_links":{"self":[{"href":"https:\/\/fairresourcefoundation.org\/fr\/wp-json\/wp\/v2\/pages\/23947323","targetHints":{"allow":["GET"]}}],"collection":[{"href":"https:\/\/fairresourcefoundation.org\/fr\/wp-json\/wp\/v2\/pages"}],"about":[{"href":"https:\/\/fairresourcefoundation.org\/fr\/wp-json\/wp\/v2\/types\/page"}],"author":[{"embeddable":true,"href":"https:\/\/fairresourcefoundation.org\/fr\/wp-json\/wp\/v2\/users\/2"}],"replies":[{"embeddable":true,"href":"https:\/\/fairresourcefoundation.org\/fr\/wp-json\/wp\/v2\/comments?post=23947323"}],"version-history":[{"count":0,"href":"https:\/\/fairresourcefoundation.org\/fr\/wp-json\/wp\/v2\/pages\/23947323\/revisions"}],"wp:attachment":[{"href":"https:\/\/fairresourcefoundation.org\/fr\/wp-json\/wp\/v2\/media?parent=23947323"}],"wp:term":[{"taxonomy":"dipi_cpt_category","embeddable":true,"href":"https:\/\/fairresourcefoundation.org\/fr\/wp-json\/wp\/v2\/dipi_cpt_category?post=23947323"},{"taxonomy":"difl_page_category","embeddable":true,"href":"https:\/\/fairresourcefoundation.org\/fr\/wp-json\/wp\/v2\/difl_page_category?post=23947323"}],"curies":[{"name":"wp","href":"https:\/\/api.w.org\/{rel}","templated":true}]}}